{"id":5552,"date":"2023-04-18T21:37:38","date_gmt":"2023-04-19T01:37:38","guid":{"rendered":"https:\/\/voilesansoucy.com\/efoil\/"},"modified":"2024-01-15T12:11:51","modified_gmt":"2024-01-15T17:11:51","slug":"efoil","status":"publish","type":"page","link":"https:\/\/voilesansoucy.com\/en\/efoil\/","title":{"rendered":"Efoil"},"content":{"rendered":"<p>[et_pb_section fb_built=&#8221;1&#8243; _builder_version=&#8221;4.20.4&#8243; _module_preset=&#8221;default&#8221; background_enable_image=&#8221;off&#8221; min_height=&#8221;355px&#8221; custom_padding=&#8221;1px||3px||false|false&#8221; global_colors_info=&#8221;{}&#8221;][et_pb_row _builder_version=&#8221;4.20.2&#8243; _module_preset=&#8221;default&#8221; custom_padding=&#8221;2px||0px|||&#8221; global_colors_info=&#8221;{}&#8221;][et_pb_column type=&#8221;4_4&#8243; _builder_version=&#8221;4.20.2&#8243; _module_preset=&#8221;default&#8221; global_colors_info=&#8221;{}&#8221;][et_pb_code _builder_version=&#8221;4.21.0&#8243; _module_preset=&#8221;default&#8221; min_height=&#8221;609px&#8221; custom_margin=&#8221;-2px|-155px||-155px|false|false&#8221; custom_padding=&#8221;0px|||0px|false|false&#8221; global_colors_info=&#8221;{}&#8221;]<pee><iframe loading=\"lazy\" title=\"YouTube video player\" src=\"https:\/\/www.youtube.com\/embed\/UXMq4273pmY?version=3&amp;autoplay=1&amp;mute=1&amp;loop=1&amp;playlist=UXMq4273pmY&amp;controls=0\" width=\"560\" height=\"315\" frameborder=\"0\" allowfullscreen=\"allowfullscreen\"><\/iframe><\/pee>[\/et_pb_code][\/et_pb_column][\/et_pb_row][\/et_pb_section][et_pb_section fb_built=&#8221;1&#8243; disabled_on=&#8221;off|off|off&#8221; _builder_version=&#8221;4.20.4&#8243; _module_preset=&#8221;default&#8221; custom_padding=&#8221;8px||0px|||&#8221; global_colors_info=&#8221;{}&#8221;][et_pb_row _builder_version=&#8221;4.19.5&#8243; _module_preset=&#8221;default&#8221; min_height=&#8221;105.9px&#8221; custom_margin=&#8221;0px|auto||auto|false|false&#8221; custom_padding=&#8221;23px|||||&#8221; global_colors_info=&#8221;{}&#8221;][et_pb_column type=&#8221;4_4&#8243; _builder_version=&#8221;4.19.5&#8243; _module_preset=&#8221;default&#8221; global_colors_info=&#8221;{}&#8221;][et_pb_text _builder_version=&#8221;4.20.4&#8243; _module_preset=&#8221;default&#8221; text_font=&#8221;League Spartan||||||||&#8221; text_font_size=&#8221;20px&#8221; custom_margin=&#8221;||9px|||&#8221; global_colors_info=&#8221;{}&#8221;]<\/p>\n<p style=\"text-align: center;\">EFOIL<\/p>\n<p>[\/et_pb_text][et_pb_text _builder_version=&#8221;4.23.4&#8243; _module_preset=&#8221;default&#8221; text_font=&#8221;Montserrat||||||||&#8221; text_font_size=&#8221;15px&#8221; width=&#8221;90%&#8221; module_alignment=&#8221;center&#8221; hover_enabled=&#8221;0&#8243; global_colors_info=&#8221;{}&#8221; sticky_enabled=&#8221;0&#8243;]<\/p>\n<p style=\"text-align: center;\">Ready to take flight? Discover the pleasure of gliding over the water without any resistance, giving you the unique sensation of flying over water. The Efoil, a mast-mounted electric surfboard, offers you an incomparable sensation, revolutionizing the world of water sports and gaining in popularity across the globe. Whether alone or with a friend, let us help you leave dry land in style!<\/p>\n<p>[\/et_pb_text][\/et_pb_column][\/et_pb_row][\/et_pb_section][et_pb_section fb_built=&#8221;1&#8243; specialty=&#8221;on&#8221; _builder_version=&#8221;4.20.2&#8243; _module_preset=&#8221;default&#8221; background_color=&#8221;#f7f7f7&#8243; global_colors_info=&#8221;{}&#8221;][et_pb_column type=&#8221;1_2&#8243; _builder_version=&#8221;4.16&#8243; custom_padding=&#8221;|||&#8221; global_colors_info=&#8221;{}&#8221; custom_padding__hover=&#8221;|||&#8221;][et_pb_image src=&#8221;https:\/\/voilesansoucy.com\/wp-content\/uploads\/2023\/04\/VideoCapture_20230331-152548-2.jpg&#8221; alt=&#8221;Efoil lesson&#8221; title_text=&#8221;VideoCapture_20230331-152548 (2)&#8221; _builder_version=&#8221;4.20.4&#8243; _module_preset=&#8221;default&#8221; custom_margin=&#8221;||3px|||&#8221; global_colors_info=&#8221;{}&#8221;][\/et_pb_image][\/et_pb_column][et_pb_column type=&#8221;1_2&#8243; specialty_columns=&#8221;2&#8243; _builder_version=&#8221;4.16&#8243; custom_padding=&#8221;|||&#8221; global_colors_info=&#8221;{}&#8221; custom_padding__hover=&#8221;|||&#8221;][et_pb_row_inner _builder_version=&#8221;4.20.2&#8243; _module_preset=&#8221;default&#8221; custom_padding=&#8221;28px|||||&#8221; global_colors_info=&#8221;{}&#8221;][et_pb_column_inner saved_specialty_column_type=&#8221;1_2&#8243; _builder_version=&#8221;4.20.2&#8243; _module_preset=&#8221;default&#8221; global_colors_info=&#8221;{}&#8221;][et_pb_text disabled_on=&#8221;on|on|off&#8221; _builder_version=&#8221;4.20.4&#8243; _module_preset=&#8221;default&#8221; text_font_size=&#8221;19px&#8221; custom_margin=&#8221;19px|||||&#8221; custom_padding=&#8221;68px|||||&#8221; global_colors_info=&#8221;{}&#8221;]<\/p>\n<p style=\"text-align: center;\"><strong>PRICE<\/strong><\/p>\n<p style=\"text-align: center;\">Private: 285$+tx \/ personne<\/p>\n<p style=\"text-align: center;\">Semi-Private: 242.50$+tx \/ personne<\/p>\n<p>[\/et_pb_text][\/et_pb_column_inner][\/et_pb_row_inner][et_pb_row_inner _builder_version=&#8221;4.20.2&#8243; _module_preset=&#8221;default&#8221; custom_padding=&#8221;28px|||||&#8221; global_colors_info=&#8221;{}&#8221;][et_pb_column_inner saved_specialty_column_type=&#8221;1_2&#8243; _builder_version=&#8221;4.20.2&#8243; _module_preset=&#8221;default&#8221; global_colors_info=&#8221;{}&#8221;][et_pb_text disabled_on=&#8221;off|off|on&#8221; _builder_version=&#8221;4.20.4&#8243; _module_preset=&#8221;default&#8221; text_font_size=&#8221;19px&#8221; custom_margin=&#8221;19px|||||&#8221; custom_padding=&#8221;3px|||||&#8221; global_colors_info=&#8221;{}&#8221;]<\/p>\n<p style=\"text-align: center;\"><strong>PRICE<\/strong><\/p>\n<p style=\"text-align: center;\">Private: 285$+tx \/ personne<\/p>\n<p style=\"text-align: center;\">Semi-Private: 242.50$+tx \/ personne<\/p>\n<p>[\/et_pb_text][et_pb_button button_url=&#8221;https:\/\/booking.yoplanning.pro\/fc2a1393-62ed-4d36-baa3-a37f1aa3d5d9\/product\/cfae500a-bc2a-4be9-a691-a601d1e34036&#8243; button_text=&#8221;BOOK NOW&#8221; button_alignment=&#8221;center&#8221; _builder_version=&#8221;4.21.0&#8243; _module_preset=&#8221;default&#8221; custom_button=&#8221;on&#8221; button_font=&#8221;||||on|||RGBA(255,255,255,0)|&#8221; custom_padding=&#8221;10px||10px|20px|false|false&#8221; global_colors_info=&#8221;{}&#8221;][\/et_pb_button][\/et_pb_column_inner][\/et_pb_row_inner][\/et_pb_column][\/et_pb_section][et_pb_section fb_built=&#8221;1&#8243; _builder_version=&#8221;4.20.2&#8243; _module_preset=&#8221;default&#8221; background_color=&#8221;#FFFFFF&#8221; custom_padding=&#8221;48px||4px|||&#8221; global_colors_info=&#8221;{}&#8221;][et_pb_row _builder_version=&#8221;4.20.2&#8243; _module_preset=&#8221;default&#8221; custom_margin=&#8221;-10px|auto|-7px|auto||&#8221; custom_padding=&#8221;||0px|||&#8221; global_colors_info=&#8221;{}&#8221;][et_pb_column type=&#8221;4_4&#8243; _builder_version=&#8221;4.20.2&#8243; _module_preset=&#8221;default&#8221; global_colors_info=&#8221;{}&#8221;][et_pb_image src=&#8221;https:\/\/voilesansoucy.com\/wp-content\/uploads\/2023\/04\/275076698_660236398582100_967201518111246796_n.png&#8221; alt=&#8221;Wind&#8221; title_text=&#8221;Wind&#8221; _builder_version=&#8221;4.20.2&#8243; _module_preset=&#8221;default&#8221; width=&#8221;5%&#8221; module_alignment=&#8221;center&#8221; global_colors_info=&#8221;{}&#8221;][\/et_pb_image][et_pb_text _builder_version=&#8221;4.20.2&#8243; _module_preset=&#8221;default&#8221; text_font=&#8221;League Spartan||||||||&#8221; text_font_size=&#8221;20px&#8221; custom_margin=&#8221;-18px||9px|||&#8221; global_colors_info=&#8221;{}&#8221;]<\/p>\n<p style=\"text-align: center;\"><strong>INSTRUCTIONS<\/strong><\/p>\n<p>[\/et_pb_text][et_pb_text _builder_version=&#8221;4.21.0&#8243; _module_preset=&#8221;default&#8221; text_font_size=&#8221;15px&#8221; max_width=&#8221;88%&#8221; module_alignment=&#8221;center&#8221; custom_padding=&#8221;||13px|||&#8221; global_colors_info=&#8221;{}&#8221;]<\/p>\n<p style=\"text-align: justify;\">Classes are 1.5 hours long or until the battery runs out. To reserve your lesson, choose a date from the available dates in the calendar.<\/p>\n<p style=\"text-align: center;\"><strong>Nous vous remercions de signer \u00e0 l\u2019avance la d\u00e9charge en ligne afin de rendre votre exp\u00e9rience sur place des plus agr\u00e9able et sans tracas.\u00a0<\/strong><\/p>\n<p style=\"text-align: center;\">On se voit sur l&#8217;eau !<\/p>\n<p>[\/et_pb_text][\/et_pb_column][\/et_pb_row][et_pb_row _builder_version=&#8221;4.20.2&#8243; _module_preset=&#8221;default&#8221; custom_padding=&#8221;10px|||||&#8221; global_colors_info=&#8221;{}&#8221;][et_pb_column type=&#8221;4_4&#8243; _builder_version=&#8221;4.20.2&#8243; _module_preset=&#8221;default&#8221; global_colors_info=&#8221;{}&#8221;][et_pb_image src=&#8221;https:\/\/voilesansoucy.com\/wp-content\/uploads\/2023\/04\/275910923_506375461039300_4682248801541709739_n.png&#8221; alt=&#8221;Wave&#8221; title_text=&#8221;Wave&#8221; _builder_version=&#8221;4.20.2&#8243; _module_preset=&#8221;default&#8221; width=&#8221;13%&#8221; module_alignment=&#8221;center&#8221; global_colors_info=&#8221;{}&#8221;][\/et_pb_image][\/et_pb_column][\/et_pb_row][et_pb_row _builder_version=&#8221;4.20.2&#8243; _module_preset=&#8221;default&#8221; min_height=&#8221;120.6px&#8221; custom_margin=&#8221;-17px|auto||auto||&#8221; custom_padding=&#8221;||62px|||&#8221; global_colors_info=&#8221;{}&#8221;][et_pb_column type=&#8221;4_4&#8243; _builder_version=&#8221;4.20.2&#8243; _module_preset=&#8221;default&#8221; global_colors_info=&#8221;{}&#8221;][et_pb_button button_url=&#8221;https:\/\/waiver.smartwaiver.com\/v\/voilesansoucy\/&#8221; url_new_window=&#8221;on&#8221; button_text=&#8221;SIGN THE ONLINE WAIVER&#8221; button_alignment=&#8221;center&#8221; _builder_version=&#8221;4.21.0&#8243; _module_preset=&#8221;default&#8221; custom_button=&#8221;on&#8221; button_font=&#8221;||||on|||RGBA(255,255,255,0)|&#8221; custom_padding=&#8221;10px|40px|10px|40px|false|false&#8221; global_colors_info=&#8221;{}&#8221;][\/et_pb_button][\/et_pb_column][\/et_pb_row][\/et_pb_section][et_pb_section fb_built=&#8221;1&#8243; disabled_on=&#8221;off|off|on&#8221; _builder_version=&#8221;4.20.4&#8243; _module_preset=&#8221;default&#8221; background_color=&#8221;#1C3A68&#8243; custom_margin=&#8221;-5px|||||&#8221; custom_padding=&#8221;0px||0px|||&#8221; global_colors_info=&#8221;{}&#8221;][et_pb_row column_structure=&#8221;1_2,1_2&#8243; _builder_version=&#8221;4.20.2&#8243; _module_preset=&#8221;default&#8221; width=&#8221;100%&#8221; custom_padding=&#8221;13px||0px|||&#8221; global_colors_info=&#8221;{}&#8221;][et_pb_column type=&#8221;1_2&#8243; _builder_version=&#8221;4.20.0&#8243; _module_preset=&#8221;default&#8221; global_colors_info=&#8221;{}&#8221;][et_pb_image src=&#8221;https:\/\/voilesansoucy.com\/wp-content\/uploads\/2023\/02\/Logo_VS_fond-transparent_blanc.png&#8221; alt=&#8221;Logo Voile Sansoucy&#8221; title_text=&#8221;Logo_VS_fond transparent_blanc&#8221; _builder_version=&#8221;4.20.4&#8243; _module_preset=&#8221;default&#8221; width=&#8221;46%&#8221; max_width=&#8221;39%&#8221; module_alignment=&#8221;center&#8221; custom_margin=&#8221;||-30px||false|false&#8221; custom_padding=&#8221;||0px|||&#8221; global_colors_info=&#8221;{}&#8221;][\/et_pb_image][et_pb_text _builder_version=&#8221;4.20.4&#8243; _module_preset=&#8221;default&#8221; text_text_color=&#8221;#FFFFFF&#8221; custom_margin=&#8221;18px||20px||false|false&#8221; custom_padding=&#8221;0px|||||&#8221; global_colors_info=&#8221;{}&#8221;]<\/p>\n<p style=\"text-align: center;\">GIVE IT AS A GIFT!<\/p>\n<p>[\/et_pb_text][et_pb_button button_url=&#8221;https:\/\/booking.yoplanning.pro\/1fd39266-88f9-4b84-8d9e-646d96e8c620\/product\/cfae500a-bc2a-4be9-a691-a601d1e34036&#8243; button_text=&#8221;Gift certificate&#8221; button_alignment=&#8221;center&#8221; _builder_version=&#8221;4.21.0&#8243; _module_preset=&#8221;default&#8221; custom_button=&#8221;on&#8221; button_text_color=&#8221;#FFFFFF&#8221; button_bg_color=&#8221;#CA9A2C&#8221; button_font=&#8221;||||on|||RGBA(255,255,255,0)|&#8221; custom_margin=&#8221;0px|0px|14px|0px|false|false&#8221; global_colors_info=&#8221;{}&#8221;][\/et_pb_button][\/et_pb_column][et_pb_column type=&#8221;1_2&#8243; _builder_version=&#8221;4.19.5&#8243; _module_preset=&#8221;default&#8221; global_colors_info=&#8221;{}&#8221;][et_pb_image src=&#8221;https:\/\/voilesansoucy.com\/wp-content\/uploads\/2023\/04\/20220702_VoileSansoucy_OuvertureTiki_CharlesOlivierBourque_WEB-3.jpg&#8221; alt=&#8221;Sailing Camp&#8221; title_text=&#8221;20220702_VoileSansoucy_OuvertureTiki_CharlesOlivierBourque_WEB-3&#8243; _builder_version=&#8221;4.20.4&#8243; _module_preset=&#8221;default&#8221; custom_margin=&#8221;6px||-2px|-23px|false|false&#8221; custom_padding=&#8221;0px|||||&#8221; global_colors_info=&#8221;{}&#8221;][\/et_pb_image][\/et_pb_column][\/et_pb_row][\/et_pb_section][et_pb_section fb_built=&#8221;1&#8243; disabled_on=&#8221;on|on|off&#8221; _builder_version=&#8221;4.20.4&#8243; _module_preset=&#8221;default&#8221; background_color=&#8221;#1C3A68&#8243; custom_margin=&#8221;-5px|||||&#8221; custom_padding=&#8221;0px||0px|||&#8221; global_colors_info=&#8221;{}&#8221;][et_pb_row column_structure=&#8221;1_2,1_2&#8243; _builder_version=&#8221;4.20.2&#8243; _module_preset=&#8221;default&#8221; width=&#8221;100%&#8221; custom_padding=&#8221;13px||0px|||&#8221; global_colors_info=&#8221;{}&#8221;][et_pb_column type=&#8221;1_2&#8243; _builder_version=&#8221;4.20.0&#8243; _module_preset=&#8221;default&#8221; global_colors_info=&#8221;{}&#8221;][et_pb_code _builder_version=&#8221;4.19.5&#8243; _module_preset=&#8221;default&#8221; global_colors_info=&#8221;{}&#8221;][\/et_pb_code][et_pb_image src=&#8221;https:\/\/voilesansoucy.com\/wp-content\/uploads\/2023\/04\/Certificat-cadeau-de-massage-plante-grasse-vert-2.png&#8221; alt=&#8221;Gift certificate&#8221; title_text=&#8221;Gift certificate&#8221; _builder_version=&#8221;4.20.4&#8243; _module_preset=&#8221;default&#8221; custom_margin=&#8221;-54px|-59px||||&#8221; global_colors_info=&#8221;{}&#8221;][\/et_pb_image][et_pb_button button_url=&#8221;https:\/\/booking.yoplanning.pro\/1fd39266-88f9-4b84-8d9e-646d96e8c620\/product\/cfae500a-bc2a-4be9-a691-a601d1e34036&#8243; button_text=&#8221;Gift certificate&#8221; button_alignment=&#8221;center&#8221; _builder_version=&#8221;4.21.0&#8243; _module_preset=&#8221;default&#8221; custom_button=&#8221;on&#8221; button_text_color=&#8221;#FFFFFF&#8221; button_bg_color=&#8221;#CA9A2C&#8221; button_font=&#8221;||||on|||RGBA(255,255,255,0)|&#8221; custom_margin=&#8221;-195px|-65px|14px|0px|false|false&#8221; global_colors_info=&#8221;{}&#8221;][\/et_pb_button][\/et_pb_column][et_pb_column type=&#8221;1_2&#8243; _builder_version=&#8221;4.19.5&#8243; _module_preset=&#8221;default&#8221; global_colors_info=&#8221;{}&#8221;][et_pb_image src=&#8221;https:\/\/voilesansoucy.com\/wp-content\/uploads\/2023\/04\/20220702_VoileSansoucy_OuvertureTiki_CharlesOlivierBourque_WEB-3.jpg&#8221; alt=&#8221;Sailing Camp&#8221; title_text=&#8221;20220702_VoileSansoucy_OuvertureTiki_CharlesOlivierBourque_WEB-3&#8243; _builder_version=&#8221;4.20.4&#8243; _module_preset=&#8221;default&#8221; min_height=&#8221;262px&#8221; custom_margin=&#8221;-13px||-2px|-23px|false|false&#8221; custom_padding=&#8221;0px|||||&#8221; global_colors_info=&#8221;{}&#8221;][\/et_pb_image][\/et_pb_column][\/et_pb_row][\/et_pb_section]<\/p>\n","protected":false},"excerpt":{"rendered":"<p>EFOILReady to take flight? Discover the pleasure of gliding over the water without any resistance, giving you the unique sensation of flying over water. The Efoil, a mast-mounted electric surfboard, offers you an incomparable sensation, revolutionizing the world of water sports and gaining in popularity across the globe. Whether alone or with a friend, let [&hellip;]<\/p>\n","protected":false},"author":2,"featured_media":0,"parent":0,"menu_order":0,"comment_status":"closed","ping_status":"closed","template":"","meta":{"_et_pb_use_builder":"on","_et_pb_old_content":"","_et_gb_content_width":"","_monsterinsights_skip_tracking":false,"_monsterinsights_sitenote_active":false,"_monsterinsights_sitenote_note":"","_monsterinsights_sitenote_category":0,"footnotes":""},"class_list":["post-5552","page","type-page","status-publish","hentry"],"yoast_head":"<!-- This site is optimized with the Yoast SEO plugin v27.3 - https:\/\/yoast.com\/product\/yoast-seo-wordpress\/ -->\n<title>Efoil - Voile Sansoucy | Voilerie &amp; Club Nautique<\/title>\n<meta name=\"robots\" content=\"index, follow, max-snippet:-1, max-image-preview:large, max-video-preview:-1\" \/>\n<link rel=\"canonical\" href=\"https:\/\/voilesansoucy.com\/efoil\/\" \/>\n<meta property=\"og:locale\" content=\"en_US\" \/>\n<meta property=\"og:type\" content=\"article\" \/>\n<meta property=\"og:title\" content=\"Efoil - Voile Sansoucy | Voilerie &amp; Club Nautique\" \/>\n<meta property=\"og:description\" content=\"EFOILReady to take flight? Discover the pleasure of gliding over the water without any resistance, giving you the unique sensation of flying over water. The Efoil, a mast-mounted electric surfboard, offers you an incomparable sensation, revolutionizing the world of water sports and gaining in popularity across the globe. Whether alone or with a friend, let [&hellip;]\" \/>\n<meta property=\"og:url\" content=\"https:\/\/voilesansoucy.com\/efoil\/\" \/>\n<meta property=\"og:site_name\" content=\"Voile Sansoucy | Voilerie &amp; Club Nautique\" \/>\n<meta property=\"article:publisher\" content=\"https:\/\/www.facebook.com\/voilesansoucy\" \/>\n<meta property=\"article:modified_time\" content=\"2024-01-15T17:11:51+00:00\" \/>\n<meta name=\"twitter:card\" content=\"summary_large_image\" \/>\n<meta name=\"twitter:label1\" content=\"Est. reading time\" \/>\n\t<meta name=\"twitter:data1\" content=\"7 minutes\" \/>\n<script type=\"application\/ld+json\" class=\"yoast-schema-graph\">{\"@context\":\"https:\\\/\\\/schema.org\",\"@graph\":[{\"@type\":\"WebPage\",\"@id\":\"https:\\\/\\\/voilesansoucy.com\\\/efoil\\\/\",\"url\":\"https:\\\/\\\/voilesansoucy.com\\\/efoil\\\/\",\"name\":\"Efoil - Voile Sansoucy | Voilerie &amp; Club Nautique\",\"isPartOf\":{\"@id\":\"https:\\\/\\\/voilesansoucy.com\\\/#website\"},\"datePublished\":\"2023-04-19T01:37:38+00:00\",\"dateModified\":\"2024-01-15T17:11:51+00:00\",\"breadcrumb\":{\"@id\":\"https:\\\/\\\/voilesansoucy.com\\\/efoil\\\/#breadcrumb\"},\"inLanguage\":\"en-US\",\"potentialAction\":[{\"@type\":\"ReadAction\",\"target\":[\"https:\\\/\\\/voilesansoucy.com\\\/efoil\\\/\"]}]},{\"@type\":\"BreadcrumbList\",\"@id\":\"https:\\\/\\\/voilesansoucy.com\\\/efoil\\\/#breadcrumb\",\"itemListElement\":[{\"@type\":\"ListItem\",\"position\":1,\"name\":\"Accueil\",\"item\":\"https:\\\/\\\/voilesansoucy.com\\\/\"},{\"@type\":\"ListItem\",\"position\":2,\"name\":\"Efoil\"}]},{\"@type\":\"WebSite\",\"@id\":\"https:\\\/\\\/voilesansoucy.com\\\/#website\",\"url\":\"https:\\\/\\\/voilesansoucy.com\\\/\",\"name\":\"Voile Sansoucy | Voilerie &amp; Club Nautique\",\"description\":\"On se voit sur l&#039;eau! \",\"publisher\":{\"@id\":\"https:\\\/\\\/voilesansoucy.com\\\/#organization\"},\"potentialAction\":[{\"@type\":\"SearchAction\",\"target\":{\"@type\":\"EntryPoint\",\"urlTemplate\":\"https:\\\/\\\/voilesansoucy.com\\\/?s={search_term_string}\"},\"query-input\":{\"@type\":\"PropertyValueSpecification\",\"valueRequired\":true,\"valueName\":\"search_term_string\"}}],\"inLanguage\":\"en-US\"},{\"@type\":\"Organization\",\"@id\":\"https:\\\/\\\/voilesansoucy.com\\\/#organization\",\"name\":\"Voile Sansoucy\",\"url\":\"https:\\\/\\\/voilesansoucy.com\\\/\",\"logo\":{\"@type\":\"ImageObject\",\"inLanguage\":\"en-US\",\"@id\":\"https:\\\/\\\/voilesansoucy.com\\\/#\\\/schema\\\/logo\\\/image\\\/\",\"url\":\"https:\\\/\\\/voilesansoucy.com\\\/wp-content\\\/uploads\\\/2020\\\/06\\\/LogoHead.png\",\"contentUrl\":\"https:\\\/\\\/voilesansoucy.com\\\/wp-content\\\/uploads\\\/2020\\\/06\\\/LogoHead.png\",\"width\":112,\"height\":102,\"caption\":\"Voile Sansoucy\"},\"image\":{\"@id\":\"https:\\\/\\\/voilesansoucy.com\\\/#\\\/schema\\\/logo\\\/image\\\/\"},\"sameAs\":[\"https:\\\/\\\/www.facebook.com\\\/voilesansoucy\",\"https:\\\/\\\/www.instagram.com\\\/voilesansoucy\\\/\"]}]}<\/script>\n<!-- \/ Yoast SEO plugin. -->","yoast_head_json":{"title":"Efoil - Voile Sansoucy | Voilerie &amp; Club Nautique","robots":{"index":"index","follow":"follow","max-snippet":"max-snippet:-1","max-image-preview":"max-image-preview:large","max-video-preview":"max-video-preview:-1"},"canonical":"https:\/\/voilesansoucy.com\/efoil\/","og_locale":"en_US","og_type":"article","og_title":"Efoil - Voile Sansoucy | Voilerie &amp; Club Nautique","og_description":"EFOILReady to take flight? Discover the pleasure of gliding over the water without any resistance, giving you the unique sensation of flying over water. The Efoil, a mast-mounted electric surfboard, offers you an incomparable sensation, revolutionizing the world of water sports and gaining in popularity across the globe. Whether alone or with a friend, let [&hellip;]","og_url":"https:\/\/voilesansoucy.com\/efoil\/","og_site_name":"Voile Sansoucy | Voilerie &amp; Club Nautique","article_publisher":"https:\/\/www.facebook.com\/voilesansoucy","article_modified_time":"2024-01-15T17:11:51+00:00","twitter_card":"summary_large_image","twitter_misc":{"Est. reading time":"7 minutes"},"schema":{"@context":"https:\/\/schema.org","@graph":[{"@type":"WebPage","@id":"https:\/\/voilesansoucy.com\/efoil\/","url":"https:\/\/voilesansoucy.com\/efoil\/","name":"Efoil - Voile Sansoucy | Voilerie &amp; Club Nautique","isPartOf":{"@id":"https:\/\/voilesansoucy.com\/#website"},"datePublished":"2023-04-19T01:37:38+00:00","dateModified":"2024-01-15T17:11:51+00:00","breadcrumb":{"@id":"https:\/\/voilesansoucy.com\/efoil\/#breadcrumb"},"inLanguage":"en-US","potentialAction":[{"@type":"ReadAction","target":["https:\/\/voilesansoucy.com\/efoil\/"]}]},{"@type":"BreadcrumbList","@id":"https:\/\/voilesansoucy.com\/efoil\/#breadcrumb","itemListElement":[{"@type":"ListItem","position":1,"name":"Accueil","item":"https:\/\/voilesansoucy.com\/"},{"@type":"ListItem","position":2,"name":"Efoil"}]},{"@type":"WebSite","@id":"https:\/\/voilesansoucy.com\/#website","url":"https:\/\/voilesansoucy.com\/","name":"Voile Sansoucy | Voilerie &amp; Club Nautique","description":"On se voit sur l&#039;eau! ","publisher":{"@id":"https:\/\/voilesansoucy.com\/#organization"},"potentialAction":[{"@type":"SearchAction","target":{"@type":"EntryPoint","urlTemplate":"https:\/\/voilesansoucy.com\/?s={search_term_string}"},"query-input":{"@type":"PropertyValueSpecification","valueRequired":true,"valueName":"search_term_string"}}],"inLanguage":"en-US"},{"@type":"Organization","@id":"https:\/\/voilesansoucy.com\/#organization","name":"Voile Sansoucy","url":"https:\/\/voilesansoucy.com\/","logo":{"@type":"ImageObject","inLanguage":"en-US","@id":"https:\/\/voilesansoucy.com\/#\/schema\/logo\/image\/","url":"https:\/\/voilesansoucy.com\/wp-content\/uploads\/2020\/06\/LogoHead.png","contentUrl":"https:\/\/voilesansoucy.com\/wp-content\/uploads\/2020\/06\/LogoHead.png","width":112,"height":102,"caption":"Voile Sansoucy"},"image":{"@id":"https:\/\/voilesansoucy.com\/#\/schema\/logo\/image\/"},"sameAs":["https:\/\/www.facebook.com\/voilesansoucy","https:\/\/www.instagram.com\/voilesansoucy\/"]}]}},"_links":{"self":[{"href":"https:\/\/voilesansoucy.com\/en\/wp-json\/wp\/v2\/pages\/5552","targetHints":{"allow":["GET"]}}],"collection":[{"href":"https:\/\/voilesansoucy.com\/en\/wp-json\/wp\/v2\/pages"}],"about":[{"href":"https:\/\/voilesansoucy.com\/en\/wp-json\/wp\/v2\/types\/page"}],"author":[{"embeddable":true,"href":"https:\/\/voilesansoucy.com\/en\/wp-json\/wp\/v2\/users\/2"}],"replies":[{"embeddable":true,"href":"https:\/\/voilesansoucy.com\/en\/wp-json\/wp\/v2\/comments?post=5552"}],"version-history":[{"count":0,"href":"https:\/\/voilesansoucy.com\/en\/wp-json\/wp\/v2\/pages\/5552\/revisions"}],"wp:attachment":[{"href":"https:\/\/voilesansoucy.com\/en\/wp-json\/wp\/v2\/media?parent=5552"}],"curies":[{"name":"wp","href":"https:\/\/api.w.org\/{rel}","templated":true}]}}