{"id":3623,"date":"2022-04-17T10:26:48","date_gmt":"2022-04-17T14:26:48","guid":{"rendered":"https:\/\/voilesansoucy.com\/?post_type=product&#038;p=3623"},"modified":"2022-11-10T12:38:40","modified_gmt":"2022-11-10T17:38:40","slug":"cours-de-efoil","status":"publish","type":"product","link":"https:\/\/voilesansoucy.com\/en\/produit\/cours-de-efoil\/","title":{"rendered":"Efoil Lesson"},"content":{"rendered":"","protected":false},"excerpt":{"rendered":"<p><!-- Yoplanning Widget --><\/p>\n<div style=\"margin: 0 auto; width: auto;\"><script src=\"https:\/\/widget.yoplanning.com\/id\/11619.js\"><\/script><\/div>\n<p><!-- End Yoplanning Widget --><\/p>\n","protected":false},"featured_media":3734,"template":"","meta":{"_et_pb_use_builder":"off","_et_pb_old_content":"Ce cours d'une dur\u00e9e d'une semaine (30 hrs) permet d'acqu\u00e9rir les bases de la navigation en catamaran tout en d\u00e9veloppant certaines habilit\u00e9s de r\u00e9gates. Le stage couvre la mati\u00e8re enseign\u00e9e dans le cours ''Apprendre \u00e0 naviguer (12hrs)'' de mani\u00e8re plus approfondie afin de vous rendre 100% autonome en navigation, en plus de couvrir les \u00e9l\u00e9ments requis de la certification Voile Canada (Homme \u00e0 la mer, Conditions M\u00e9t\u00e9orologiques, etc.). Une partie du stage consiste \u00e0 un cours th\u00e9orique et pratique, alors qu'une seconde partie du stage consiste \u00e0 une navigation supervis\u00e9e par l'instructeur, la pratique forgeant l'exp\u00e9rience et la confiance.\u00a0 Le stage peut \u00eatre donner en priv\u00e9, semi-priv\u00e9 et en cohorte de 5 stagiaires (Un minimum de 4 participants est requis pour donner le cours).\r\n\r\n<strong>Priv\u00e9 \/ Semi-Priv\u00e9 (3 personnes max)<\/strong> : Veuillez achetez votre cours en ajoutant l'option d\u00e9sir\u00e9e (Priv\u00e9\/Semi-Priv\u00e9) et en nous contactant pour la planification du stage.\r\n\r\n<strong>Cohorte organis\u00e9 par Voile Sansoucy:<\/strong> Veuillez r\u00e9server votre place en utilisant l'outils de r\u00e9servation ci dessous. Les semaines disponibles pour 2021 sont:\r\n<ul>\r\n \t<li><strong>14 au 18 Juin 2021<\/strong><\/li>\r\n \t<li><strong>5 au 9 Juillet 2021<\/strong><\/li>\r\n \t<li><strong>9 au 13 Ao\u00fbt 2021<\/strong><\/li>\r\n<\/ul>\r\n<strong>Tarif (Prix\/Personne)<\/strong>\r\n<ul>\r\n \t<li><strong>Priv\u00e9 : 895$<\/strong><\/li>\r\n \t<li><strong>Semi-Priv\u00e9 (Max 3 personnes): 695$<\/strong><\/li>\r\n \t<li><strong>Cohorte: 595$\u00a0<\/strong><\/li>\r\n<\/ul>","_et_gb_content_width":"","_monsterinsights_skip_tracking":false,"_monsterinsights_sitenote_active":false,"_monsterinsights_sitenote_note":"","_monsterinsights_sitenote_category":0},"product_brand":[],"product_cat":[76],"product_tag":[70],"class_list":{"0":"post-3623","1":"product","2":"type-product","3":"status-publish","4":"has-post-thumbnail","6":"product_cat-efoil-en","7":"product_tag-calendar","9":"first","10":"instock","11":"taxable","12":"shipping-taxable","13":"product-type-simple"},"yoast_head":"<!-- This site is optimized with the Yoast SEO plugin v27.3 - https:\/\/yoast.com\/product\/yoast-seo-wordpress\/ -->\n<title>Efoil Lesson - Voile Sansoucy | Voilerie &amp; Club Nautique<\/title>\n<meta name=\"robots\" content=\"index, follow, max-snippet:-1, max-image-preview:large, max-video-preview:-1\" \/>\n<link rel=\"canonical\" href=\"https:\/\/voilesansoucy.com\/produit\/cours-de-efoil\/\" \/>\n<meta property=\"og:locale\" content=\"en_US\" \/>\n<meta property=\"og:type\" content=\"article\" \/>\n<meta property=\"og:title\" content=\"Efoil Lesson - Voile Sansoucy | Voilerie &amp; Club Nautique\" \/>\n<meta property=\"og:url\" content=\"https:\/\/voilesansoucy.com\/produit\/cours-de-efoil\/\" \/>\n<meta property=\"og:site_name\" content=\"Voile Sansoucy | Voilerie &amp; Club Nautique\" \/>\n<meta property=\"article:publisher\" content=\"https:\/\/www.facebook.com\/voilesansoucy\" \/>\n<meta property=\"article:modified_time\" content=\"2022-11-10T17:38:40+00:00\" \/>\n<meta property=\"og:image\" content=\"https:\/\/voilesansoucy.com\/wp-content\/uploads\/2022\/04\/Efoil-Drone-Paysage.jpg\" \/>\n\t<meta property=\"og:image:width\" content=\"2345\" \/>\n\t<meta property=\"og:image:height\" content=\"1759\" \/>\n\t<meta property=\"og:image:type\" content=\"image\/jpeg\" \/>\n<meta name=\"twitter:card\" content=\"summary_large_image\" \/>\n<script type=\"application\/ld+json\" class=\"yoast-schema-graph\">{\"@context\":\"https:\\\/\\\/schema.org\",\"@graph\":[{\"@type\":\"WebPage\",\"@id\":\"https:\\\/\\\/voilesansoucy.com\\\/produit\\\/cours-de-efoil\\\/\",\"url\":\"https:\\\/\\\/voilesansoucy.com\\\/produit\\\/cours-de-efoil\\\/\",\"name\":\"Efoil Lesson - Voile Sansoucy | Voilerie &amp; Club Nautique\",\"isPartOf\":{\"@id\":\"https:\\\/\\\/voilesansoucy.com\\\/#website\"},\"primaryImageOfPage\":{\"@id\":\"https:\\\/\\\/voilesansoucy.com\\\/produit\\\/cours-de-efoil\\\/#primaryimage\"},\"image\":{\"@id\":\"https:\\\/\\\/voilesansoucy.com\\\/produit\\\/cours-de-efoil\\\/#primaryimage\"},\"thumbnailUrl\":\"https:\\\/\\\/voilesansoucy.com\\\/wp-content\\\/uploads\\\/2022\\\/04\\\/Efoil-Drone-Paysage.jpg\",\"datePublished\":\"2022-04-17T14:26:48+00:00\",\"dateModified\":\"2022-11-10T17:38:40+00:00\",\"breadcrumb\":{\"@id\":\"https:\\\/\\\/voilesansoucy.com\\\/produit\\\/cours-de-efoil\\\/#breadcrumb\"},\"inLanguage\":\"en-US\",\"potentialAction\":[{\"@type\":\"ReadAction\",\"target\":[\"https:\\\/\\\/voilesansoucy.com\\\/produit\\\/cours-de-efoil\\\/\"]}]},{\"@type\":\"ImageObject\",\"inLanguage\":\"en-US\",\"@id\":\"https:\\\/\\\/voilesansoucy.com\\\/produit\\\/cours-de-efoil\\\/#primaryimage\",\"url\":\"https:\\\/\\\/voilesansoucy.com\\\/wp-content\\\/uploads\\\/2022\\\/04\\\/Efoil-Drone-Paysage.jpg\",\"contentUrl\":\"https:\\\/\\\/voilesansoucy.com\\\/wp-content\\\/uploads\\\/2022\\\/04\\\/Efoil-Drone-Paysage.jpg\",\"width\":2345,\"height\":1759},{\"@type\":\"BreadcrumbList\",\"@id\":\"https:\\\/\\\/voilesansoucy.com\\\/produit\\\/cours-de-efoil\\\/#breadcrumb\",\"itemListElement\":[{\"@type\":\"ListItem\",\"position\":1,\"name\":\"Accueil\",\"item\":\"https:\\\/\\\/voilesansoucy.com\\\/\"},{\"@type\":\"ListItem\",\"position\":2,\"name\":\"Online Shop\",\"item\":\"https:\\\/\\\/voilesansoucy.com\\\/en\\\/online-shop\\\/\"},{\"@type\":\"ListItem\",\"position\":3,\"name\":\"Efoil Lesson\"}]},{\"@type\":\"WebSite\",\"@id\":\"https:\\\/\\\/voilesansoucy.com\\\/#website\",\"url\":\"https:\\\/\\\/voilesansoucy.com\\\/\",\"name\":\"Voile Sansoucy | Voilerie &amp; Club Nautique\",\"description\":\"On se voit sur l&#039;eau! \",\"publisher\":{\"@id\":\"https:\\\/\\\/voilesansoucy.com\\\/#organization\"},\"potentialAction\":[{\"@type\":\"SearchAction\",\"target\":{\"@type\":\"EntryPoint\",\"urlTemplate\":\"https:\\\/\\\/voilesansoucy.com\\\/?s={search_term_string}\"},\"query-input\":{\"@type\":\"PropertyValueSpecification\",\"valueRequired\":true,\"valueName\":\"search_term_string\"}}],\"inLanguage\":\"en-US\"},{\"@type\":\"Organization\",\"@id\":\"https:\\\/\\\/voilesansoucy.com\\\/#organization\",\"name\":\"Voile Sansoucy\",\"url\":\"https:\\\/\\\/voilesansoucy.com\\\/\",\"logo\":{\"@type\":\"ImageObject\",\"inLanguage\":\"en-US\",\"@id\":\"https:\\\/\\\/voilesansoucy.com\\\/#\\\/schema\\\/logo\\\/image\\\/\",\"url\":\"https:\\\/\\\/voilesansoucy.com\\\/wp-content\\\/uploads\\\/2020\\\/06\\\/LogoHead.png\",\"contentUrl\":\"https:\\\/\\\/voilesansoucy.com\\\/wp-content\\\/uploads\\\/2020\\\/06\\\/LogoHead.png\",\"width\":112,\"height\":102,\"caption\":\"Voile Sansoucy\"},\"image\":{\"@id\":\"https:\\\/\\\/voilesansoucy.com\\\/#\\\/schema\\\/logo\\\/image\\\/\"},\"sameAs\":[\"https:\\\/\\\/www.facebook.com\\\/voilesansoucy\",\"https:\\\/\\\/www.instagram.com\\\/voilesansoucy\\\/\"]}]}<\/script>\n<!-- \/ Yoast SEO plugin. -->","yoast_head_json":{"title":"Efoil Lesson - Voile Sansoucy | Voilerie &amp; Club Nautique","robots":{"index":"index","follow":"follow","max-snippet":"max-snippet:-1","max-image-preview":"max-image-preview:large","max-video-preview":"max-video-preview:-1"},"canonical":"https:\/\/voilesansoucy.com\/produit\/cours-de-efoil\/","og_locale":"en_US","og_type":"article","og_title":"Efoil Lesson - Voile Sansoucy | Voilerie &amp; Club Nautique","og_url":"https:\/\/voilesansoucy.com\/produit\/cours-de-efoil\/","og_site_name":"Voile Sansoucy | Voilerie &amp; Club Nautique","article_publisher":"https:\/\/www.facebook.com\/voilesansoucy","article_modified_time":"2022-11-10T17:38:40+00:00","og_image":[{"width":2345,"height":1759,"url":"https:\/\/voilesansoucy.com\/wp-content\/uploads\/2022\/04\/Efoil-Drone-Paysage.jpg","type":"image\/jpeg"}],"twitter_card":"summary_large_image","schema":{"@context":"https:\/\/schema.org","@graph":[{"@type":"WebPage","@id":"https:\/\/voilesansoucy.com\/produit\/cours-de-efoil\/","url":"https:\/\/voilesansoucy.com\/produit\/cours-de-efoil\/","name":"Efoil Lesson - Voile Sansoucy | Voilerie &amp; Club Nautique","isPartOf":{"@id":"https:\/\/voilesansoucy.com\/#website"},"primaryImageOfPage":{"@id":"https:\/\/voilesansoucy.com\/produit\/cours-de-efoil\/#primaryimage"},"image":{"@id":"https:\/\/voilesansoucy.com\/produit\/cours-de-efoil\/#primaryimage"},"thumbnailUrl":"https:\/\/voilesansoucy.com\/wp-content\/uploads\/2022\/04\/Efoil-Drone-Paysage.jpg","datePublished":"2022-04-17T14:26:48+00:00","dateModified":"2022-11-10T17:38:40+00:00","breadcrumb":{"@id":"https:\/\/voilesansoucy.com\/produit\/cours-de-efoil\/#breadcrumb"},"inLanguage":"en-US","potentialAction":[{"@type":"ReadAction","target":["https:\/\/voilesansoucy.com\/produit\/cours-de-efoil\/"]}]},{"@type":"ImageObject","inLanguage":"en-US","@id":"https:\/\/voilesansoucy.com\/produit\/cours-de-efoil\/#primaryimage","url":"https:\/\/voilesansoucy.com\/wp-content\/uploads\/2022\/04\/Efoil-Drone-Paysage.jpg","contentUrl":"https:\/\/voilesansoucy.com\/wp-content\/uploads\/2022\/04\/Efoil-Drone-Paysage.jpg","width":2345,"height":1759},{"@type":"BreadcrumbList","@id":"https:\/\/voilesansoucy.com\/produit\/cours-de-efoil\/#breadcrumb","itemListElement":[{"@type":"ListItem","position":1,"name":"Accueil","item":"https:\/\/voilesansoucy.com\/"},{"@type":"ListItem","position":2,"name":"Online Shop","item":"https:\/\/voilesansoucy.com\/en\/online-shop\/"},{"@type":"ListItem","position":3,"name":"Efoil Lesson"}]},{"@type":"WebSite","@id":"https:\/\/voilesansoucy.com\/#website","url":"https:\/\/voilesansoucy.com\/","name":"Voile Sansoucy | Voilerie &amp; Club Nautique","description":"On se voit sur l&#039;eau! ","publisher":{"@id":"https:\/\/voilesansoucy.com\/#organization"},"potentialAction":[{"@type":"SearchAction","target":{"@type":"EntryPoint","urlTemplate":"https:\/\/voilesansoucy.com\/?s={search_term_string}"},"query-input":{"@type":"PropertyValueSpecification","valueRequired":true,"valueName":"search_term_string"}}],"inLanguage":"en-US"},{"@type":"Organization","@id":"https:\/\/voilesansoucy.com\/#organization","name":"Voile Sansoucy","url":"https:\/\/voilesansoucy.com\/","logo":{"@type":"ImageObject","inLanguage":"en-US","@id":"https:\/\/voilesansoucy.com\/#\/schema\/logo\/image\/","url":"https:\/\/voilesansoucy.com\/wp-content\/uploads\/2020\/06\/LogoHead.png","contentUrl":"https:\/\/voilesansoucy.com\/wp-content\/uploads\/2020\/06\/LogoHead.png","width":112,"height":102,"caption":"Voile Sansoucy"},"image":{"@id":"https:\/\/voilesansoucy.com\/#\/schema\/logo\/image\/"},"sameAs":["https:\/\/www.facebook.com\/voilesansoucy","https:\/\/www.instagram.com\/voilesansoucy\/"]}]}},"_links":{"self":[{"href":"https:\/\/voilesansoucy.com\/en\/wp-json\/wp\/v2\/product\/3623","targetHints":{"allow":["GET"]}}],"collection":[{"href":"https:\/\/voilesansoucy.com\/en\/wp-json\/wp\/v2\/product"}],"about":[{"href":"https:\/\/voilesansoucy.com\/en\/wp-json\/wp\/v2\/types\/product"}],"wp:featuredmedia":[{"embeddable":true,"href":"https:\/\/voilesansoucy.com\/en\/wp-json\/wp\/v2\/media\/3734"}],"wp:attachment":[{"href":"https:\/\/voilesansoucy.com\/en\/wp-json\/wp\/v2\/media?parent=3623"}],"wp:term":[{"taxonomy":"product_brand","embeddable":true,"href":"https:\/\/voilesansoucy.com\/en\/wp-json\/wp\/v2\/product_brand?post=3623"},{"taxonomy":"product_cat","embeddable":true,"href":"https:\/\/voilesansoucy.com\/en\/wp-json\/wp\/v2\/product_cat?post=3623"},{"taxonomy":"product_tag","embeddable":true,"href":"https:\/\/voilesansoucy.com\/en\/wp-json\/wp\/v2\/product_tag?post=3623"}],"curies":[{"name":"wp","href":"https:\/\/api.w.org\/{rel}","templated":true}]}}