{"id":8062,"date":"2024-05-30T13:34:32","date_gmt":"2024-05-30T17:34:32","guid":{"rendered":"https:\/\/voilesansoucy.com\/?post_type=product&#038;p=8062"},"modified":"2024-05-30T14:19:30","modified_gmt":"2024-05-30T18:19:30","slug":"mystere-5-0","status":"publish","type":"product","link":"https:\/\/voilesansoucy.com\/en\/produit\/mystere-5-0\/","title":{"rendered":"Myst\u00e8re 5.0"},"content":{"rendered":"<p><strong>NUM\u00c9RO D&#8217;ANNONCE: 205<\/strong><\/p>\n<p><strong>MARQUE: <\/strong>Myst\u00e8re 5.0<\/p>\n<p><strong>MOD\u00c8LE: 5.0<\/strong><\/p>\n<p><strong>ANN\u00c9E:\u00a0<\/strong>2000<\/p>\n<p><strong>LONGUEUR (PIEDS):\u00a0<\/strong>15<\/p>\n<p><strong>LARGEUR (PIEDS):\u00a0<\/strong>9<\/p>\n<p><strong>NOM DE L&#8217;EMBARCATION:\u00a0<\/strong>Non Sp\u00e9cifi\u00e9<\/p>\n<p><strong>ACCESSOIRES:\u00a0<\/strong><\/p>\n<ul>\n<li class=\"ewa-rteLine\">Un harnais Taille Small<\/li>\n<li>Voile principale et foc blanc<\/li>\n<\/ul>\n<p>&nbsp;<\/p>\n<p><strong>DESCRIPTION:<\/strong><\/p>\n<div>\n<p style=\"font-weight: 400;\">Magnifique catamaran pour d\u00e9butant. J&#8217;avais de l&#8217;exp\u00e9rience en monocoque et planche a voile, mais ce f\u00fbt mon premier catamaran, j&#8217;en ai \u00e9t\u00e9 l&#8217;heureux propri\u00e9taire pendant 5 \u00e9t\u00e9 et il ne m&#8217;as jamais fait d\u00e9faut. La trampoline commen\u00e7ait \u00e0 s&#8217;\u00e9ffilocher sur un des c\u00f4t\u00e9s donc je l&#8217;ai fait r\u00e9par\u00e9e il y a 2 \u00e9t\u00e9. Peut se mettre \u00e0 l&#8217;eau et se conduire seul et nous avons \u00e9t\u00e9 souvent jusqu&#8217;a 4 adultes dessus sans probl\u00e8mes. Je n&#8217;avais qu&#8217;un seul harnais de trap\u00e8ze donc je n&#8217;ai jamais tester 2 trap\u00e8zes en m\u00eame temps, mais je me suis personnellement attacher dans les 4 trap\u00e8zes et ils m&#8217;ont tenue \u00e0 merveille. Raison de la vente : malheureusement mon horaire ne me permettras plus de faire beaucoup de voile dans les prochaines ann\u00e9es donc je dois m&#8217;en d\u00e9partir.<\/p>\n<p>&nbsp;<\/p>\n<\/div>\n<div><\/div>\n<div><strong>Vous avez des questions ou vous seriez int\u00e9ress\u00e9 \u00e0 l&#8217;acheter ?\u00a0<\/strong><\/div>\n<div>Contactez-nous au 450-472-8042 pour parler avec l&#8217;un de nos associ\u00e9s et il nous fera plaisir de vous aider.<\/div>\n","protected":false},"excerpt":{"rendered":"<p><br data-mce-bogus=\"1\"><\/p>\n","protected":false},"featured_media":8068,"template":"","meta":{"_et_pb_use_builder":"","_et_pb_old_content":"","_et_gb_content_width":"","_monsterinsights_skip_tracking":false,"_monsterinsights_sitenote_active":false,"_monsterinsights_sitenote_note":"","_monsterinsights_sitenote_category":0},"product_brand":[],"product_cat":[90],"product_tag":[],"class_list":{"0":"post-8062","1":"product","2":"type-product","3":"status-publish","4":"has-post-thumbnail","6":"product_cat-embarcations-doccasion-en","8":"first","9":"outofstock","10":"purchasable","11":"product-type-simple"},"yoast_head":"<!-- This site is optimized with the Yoast SEO plugin v27.3 - https:\/\/yoast.com\/product\/yoast-seo-wordpress\/ -->\n<title>Myst\u00e8re 5.0 - Voile Sansoucy | Voilerie &amp; Club Nautique<\/title>\n<meta name=\"robots\" content=\"index, follow, max-snippet:-1, max-image-preview:large, max-video-preview:-1\" \/>\n<link rel=\"canonical\" href=\"https:\/\/voilesansoucy.com\/produit\/mystere-50\/\" \/>\n<meta property=\"og:locale\" content=\"en_US\" \/>\n<meta property=\"og:type\" content=\"article\" \/>\n<meta property=\"og:title\" content=\"Myst\u00e8re 5.0 - Voile Sansoucy | Voilerie &amp; Club Nautique\" \/>\n<meta property=\"og:url\" content=\"https:\/\/voilesansoucy.com\/produit\/mystere-50\/\" \/>\n<meta property=\"og:site_name\" content=\"Voile Sansoucy | Voilerie &amp; Club Nautique\" \/>\n<meta property=\"article:publisher\" content=\"https:\/\/www.facebook.com\/voilesansoucy\" \/>\n<meta property=\"article:modified_time\" content=\"2024-05-30T18:19:30+00:00\" \/>\n<meta property=\"og:image\" content=\"https:\/\/voilesansoucy.com\/wp-content\/uploads\/2024\/05\/unnamed-3-2.jpg\" \/>\n\t<meta property=\"og:image:width\" content=\"450\" \/>\n\t<meta property=\"og:image:height\" content=\"600\" \/>\n\t<meta property=\"og:image:type\" content=\"image\/jpeg\" \/>\n<meta name=\"twitter:card\" content=\"summary_large_image\" \/>\n<meta name=\"twitter:label1\" content=\"Est. reading time\" \/>\n\t<meta name=\"twitter:data1\" content=\"1 minute\" \/>\n<script type=\"application\/ld+json\" class=\"yoast-schema-graph\">{\"@context\":\"https:\\\/\\\/schema.org\",\"@graph\":[{\"@type\":\"WebPage\",\"@id\":\"https:\\\/\\\/voilesansoucy.com\\\/produit\\\/mystere-50\\\/\",\"url\":\"https:\\\/\\\/voilesansoucy.com\\\/produit\\\/mystere-50\\\/\",\"name\":\"Myst\u00e8re 5.0 - Voile Sansoucy | Voilerie &amp; Club Nautique\",\"isPartOf\":{\"@id\":\"https:\\\/\\\/voilesansoucy.com\\\/#website\"},\"primaryImageOfPage\":{\"@id\":\"https:\\\/\\\/voilesansoucy.com\\\/produit\\\/mystere-50\\\/#primaryimage\"},\"image\":{\"@id\":\"https:\\\/\\\/voilesansoucy.com\\\/produit\\\/mystere-50\\\/#primaryimage\"},\"thumbnailUrl\":\"https:\\\/\\\/voilesansoucy.com\\\/wp-content\\\/uploads\\\/2024\\\/05\\\/unnamed-3-2.jpg\",\"datePublished\":\"2024-05-30T17:34:32+00:00\",\"dateModified\":\"2024-05-30T18:19:30+00:00\",\"breadcrumb\":{\"@id\":\"https:\\\/\\\/voilesansoucy.com\\\/produit\\\/mystere-50\\\/#breadcrumb\"},\"inLanguage\":\"en-US\",\"potentialAction\":[{\"@type\":\"ReadAction\",\"target\":[\"https:\\\/\\\/voilesansoucy.com\\\/produit\\\/mystere-50\\\/\"]}]},{\"@type\":\"ImageObject\",\"inLanguage\":\"en-US\",\"@id\":\"https:\\\/\\\/voilesansoucy.com\\\/produit\\\/mystere-50\\\/#primaryimage\",\"url\":\"https:\\\/\\\/voilesansoucy.com\\\/wp-content\\\/uploads\\\/2024\\\/05\\\/unnamed-3-2.jpg\",\"contentUrl\":\"https:\\\/\\\/voilesansoucy.com\\\/wp-content\\\/uploads\\\/2024\\\/05\\\/unnamed-3-2.jpg\",\"width\":450,\"height\":600},{\"@type\":\"BreadcrumbList\",\"@id\":\"https:\\\/\\\/voilesansoucy.com\\\/produit\\\/mystere-50\\\/#breadcrumb\",\"itemListElement\":[{\"@type\":\"ListItem\",\"position\":1,\"name\":\"Accueil\",\"item\":\"https:\\\/\\\/voilesansoucy.com\\\/\"},{\"@type\":\"ListItem\",\"position\":2,\"name\":\"Online Shop\",\"item\":\"https:\\\/\\\/voilesansoucy.com\\\/en\\\/online-shop\\\/\"},{\"@type\":\"ListItem\",\"position\":3,\"name\":\"Myst\u00e8re 5.0\"}]},{\"@type\":\"WebSite\",\"@id\":\"https:\\\/\\\/voilesansoucy.com\\\/#website\",\"url\":\"https:\\\/\\\/voilesansoucy.com\\\/\",\"name\":\"Voile Sansoucy | Voilerie &amp; Club Nautique\",\"description\":\"On se voit sur l&#039;eau! \",\"publisher\":{\"@id\":\"https:\\\/\\\/voilesansoucy.com\\\/#organization\"},\"potentialAction\":[{\"@type\":\"SearchAction\",\"target\":{\"@type\":\"EntryPoint\",\"urlTemplate\":\"https:\\\/\\\/voilesansoucy.com\\\/?s={search_term_string}\"},\"query-input\":{\"@type\":\"PropertyValueSpecification\",\"valueRequired\":true,\"valueName\":\"search_term_string\"}}],\"inLanguage\":\"en-US\"},{\"@type\":\"Organization\",\"@id\":\"https:\\\/\\\/voilesansoucy.com\\\/#organization\",\"name\":\"Voile Sansoucy\",\"url\":\"https:\\\/\\\/voilesansoucy.com\\\/\",\"logo\":{\"@type\":\"ImageObject\",\"inLanguage\":\"en-US\",\"@id\":\"https:\\\/\\\/voilesansoucy.com\\\/#\\\/schema\\\/logo\\\/image\\\/\",\"url\":\"https:\\\/\\\/voilesansoucy.com\\\/wp-content\\\/uploads\\\/2020\\\/06\\\/LogoHead.png\",\"contentUrl\":\"https:\\\/\\\/voilesansoucy.com\\\/wp-content\\\/uploads\\\/2020\\\/06\\\/LogoHead.png\",\"width\":112,\"height\":102,\"caption\":\"Voile Sansoucy\"},\"image\":{\"@id\":\"https:\\\/\\\/voilesansoucy.com\\\/#\\\/schema\\\/logo\\\/image\\\/\"},\"sameAs\":[\"https:\\\/\\\/www.facebook.com\\\/voilesansoucy\",\"https:\\\/\\\/www.instagram.com\\\/voilesansoucy\\\/\"]}]}<\/script>\n<!-- \/ Yoast SEO plugin. -->","yoast_head_json":{"title":"Myst\u00e8re 5.0 - Voile Sansoucy | Voilerie &amp; Club Nautique","robots":{"index":"index","follow":"follow","max-snippet":"max-snippet:-1","max-image-preview":"max-image-preview:large","max-video-preview":"max-video-preview:-1"},"canonical":"https:\/\/voilesansoucy.com\/produit\/mystere-50\/","og_locale":"en_US","og_type":"article","og_title":"Myst\u00e8re 5.0 - Voile Sansoucy | Voilerie &amp; Club Nautique","og_url":"https:\/\/voilesansoucy.com\/produit\/mystere-50\/","og_site_name":"Voile Sansoucy | Voilerie &amp; Club Nautique","article_publisher":"https:\/\/www.facebook.com\/voilesansoucy","article_modified_time":"2024-05-30T18:19:30+00:00","og_image":[{"width":450,"height":600,"url":"https:\/\/voilesansoucy.com\/wp-content\/uploads\/2024\/05\/unnamed-3-2.jpg","type":"image\/jpeg"}],"twitter_card":"summary_large_image","twitter_misc":{"Est. reading time":"1 minute"},"schema":{"@context":"https:\/\/schema.org","@graph":[{"@type":"WebPage","@id":"https:\/\/voilesansoucy.com\/produit\/mystere-50\/","url":"https:\/\/voilesansoucy.com\/produit\/mystere-50\/","name":"Myst\u00e8re 5.0 - Voile Sansoucy | Voilerie &amp; Club Nautique","isPartOf":{"@id":"https:\/\/voilesansoucy.com\/#website"},"primaryImageOfPage":{"@id":"https:\/\/voilesansoucy.com\/produit\/mystere-50\/#primaryimage"},"image":{"@id":"https:\/\/voilesansoucy.com\/produit\/mystere-50\/#primaryimage"},"thumbnailUrl":"https:\/\/voilesansoucy.com\/wp-content\/uploads\/2024\/05\/unnamed-3-2.jpg","datePublished":"2024-05-30T17:34:32+00:00","dateModified":"2024-05-30T18:19:30+00:00","breadcrumb":{"@id":"https:\/\/voilesansoucy.com\/produit\/mystere-50\/#breadcrumb"},"inLanguage":"en-US","potentialAction":[{"@type":"ReadAction","target":["https:\/\/voilesansoucy.com\/produit\/mystere-50\/"]}]},{"@type":"ImageObject","inLanguage":"en-US","@id":"https:\/\/voilesansoucy.com\/produit\/mystere-50\/#primaryimage","url":"https:\/\/voilesansoucy.com\/wp-content\/uploads\/2024\/05\/unnamed-3-2.jpg","contentUrl":"https:\/\/voilesansoucy.com\/wp-content\/uploads\/2024\/05\/unnamed-3-2.jpg","width":450,"height":600},{"@type":"BreadcrumbList","@id":"https:\/\/voilesansoucy.com\/produit\/mystere-50\/#breadcrumb","itemListElement":[{"@type":"ListItem","position":1,"name":"Accueil","item":"https:\/\/voilesansoucy.com\/"},{"@type":"ListItem","position":2,"name":"Online Shop","item":"https:\/\/voilesansoucy.com\/en\/online-shop\/"},{"@type":"ListItem","position":3,"name":"Myst\u00e8re 5.0"}]},{"@type":"WebSite","@id":"https:\/\/voilesansoucy.com\/#website","url":"https:\/\/voilesansoucy.com\/","name":"Voile Sansoucy | Voilerie &amp; Club Nautique","description":"On se voit sur l&#039;eau! ","publisher":{"@id":"https:\/\/voilesansoucy.com\/#organization"},"potentialAction":[{"@type":"SearchAction","target":{"@type":"EntryPoint","urlTemplate":"https:\/\/voilesansoucy.com\/?s={search_term_string}"},"query-input":{"@type":"PropertyValueSpecification","valueRequired":true,"valueName":"search_term_string"}}],"inLanguage":"en-US"},{"@type":"Organization","@id":"https:\/\/voilesansoucy.com\/#organization","name":"Voile Sansoucy","url":"https:\/\/voilesansoucy.com\/","logo":{"@type":"ImageObject","inLanguage":"en-US","@id":"https:\/\/voilesansoucy.com\/#\/schema\/logo\/image\/","url":"https:\/\/voilesansoucy.com\/wp-content\/uploads\/2020\/06\/LogoHead.png","contentUrl":"https:\/\/voilesansoucy.com\/wp-content\/uploads\/2020\/06\/LogoHead.png","width":112,"height":102,"caption":"Voile Sansoucy"},"image":{"@id":"https:\/\/voilesansoucy.com\/#\/schema\/logo\/image\/"},"sameAs":["https:\/\/www.facebook.com\/voilesansoucy","https:\/\/www.instagram.com\/voilesansoucy\/"]}]}},"_links":{"self":[{"href":"https:\/\/voilesansoucy.com\/en\/wp-json\/wp\/v2\/product\/8062","targetHints":{"allow":["GET"]}}],"collection":[{"href":"https:\/\/voilesansoucy.com\/en\/wp-json\/wp\/v2\/product"}],"about":[{"href":"https:\/\/voilesansoucy.com\/en\/wp-json\/wp\/v2\/types\/product"}],"wp:featuredmedia":[{"embeddable":true,"href":"https:\/\/voilesansoucy.com\/en\/wp-json\/wp\/v2\/media\/8068"}],"wp:attachment":[{"href":"https:\/\/voilesansoucy.com\/en\/wp-json\/wp\/v2\/media?parent=8062"}],"wp:term":[{"taxonomy":"product_brand","embeddable":true,"href":"https:\/\/voilesansoucy.com\/en\/wp-json\/wp\/v2\/product_brand?post=8062"},{"taxonomy":"product_cat","embeddable":true,"href":"https:\/\/voilesansoucy.com\/en\/wp-json\/wp\/v2\/product_cat?post=8062"},{"taxonomy":"product_tag","embeddable":true,"href":"https:\/\/voilesansoucy.com\/en\/wp-json\/wp\/v2\/product_tag?post=8062"}],"curies":[{"name":"wp","href":"https:\/\/api.w.org\/{rel}","templated":true}]}}